{"id":84,"date":"2022-12-21T13:39:56","date_gmt":"2022-12-21T13:39:56","guid":{"rendered":"https:\/\/fundacja-annadobrska.pl\/?page_id=84"},"modified":"2025-04-01T14:41:17","modified_gmt":"2025-04-01T14:41:17","slug":"kontakt","status":"publish","type":"page","link":"https:\/\/fundacja-annadobrska.pl\/index.php\/kontakt\/","title":{"rendered":"Kontakt"},"content":{"rendered":"\n<p class=\"has-text-align-center has-black-color has-text-color has-link-color wp-elements-e46ec84c00bc0799dd282f03631d7ddf\" style=\"font-size:15px\"><strong>Bartosz Igor G\u00f3ras &#8211;<\/strong> Prezes Zarz\u0105du Fundacji <\/p>\n\n\n\n<p class=\"has-text-align-center has-black-color has-text-color has-link-color wp-elements-e800343136e473b85228d3cfa3a56265\" style=\"font-size:15px\"><a href=\"mailto:b.goras96@gmail.com\">b.goras96@gmail.com<\/a><\/p>\n\n\n\n<p class=\"has-text-align-center has-black-color has-text-color has-link-color wp-elements-4899058721cd565f1ea4bc5426400b8f\" style=\"font-size:15px\">telefon +48 507 004&nbsp;219<\/p>\n\n\n\n<hr class=\"wp-block-separator aligncenter has-alpha-channel-opacity\"\/>\n\n\n\n<p class=\"has-text-align-center has-black-color has-text-color has-link-color wp-elements-282998236c16063e04eb1db900529178\"><strong>Zbigniew D\u0105browski<\/strong> \u2013 Zast\u0119pca Prezesa Zarz\u0105du Fundacji <\/p>\n\n\n\n<p class=\"has-text-align-center has-black-color has-text-color has-link-color wp-elements-b6603d978deded76872d59e4b39b981b\"><a href=\"mailto:z.dabrowski@poczta.onet.pl\" target=\"_blank\" rel=\"noreferrer noopener\">z.dabrowski@poczta.onet.pl<\/a><\/p>\n\n\n\n<p class=\"has-text-align-center has-black-color has-text-color has-link-color wp-elements-06745a15a43f306150db6b124f91e68b\">telefon +48 604 997&nbsp;656<\/p>\n\n\n\n<hr class=\"wp-block-separator aligncenter has-alpha-channel-opacity\"\/>\n\n\n\n<p class=\"has-text-align-center has-black-color has-text-color has-link-color wp-elements-8148de9a8c12e71f3a6a9c12078fb977\"><strong>Wojciech Duranowski <\/strong>\u2013 Sekretarz Zarz\u0105du Fundacji <\/p>\n\n\n\n<p class=\"has-text-align-center has-black-color has-text-color has-link-color wp-elements-5d1cc85dd6c997fa1665e9ad2bd95bfc\"><a href=\"mailto:wduranowski@gmail.com\" data-type=\"mailto\" data-id=\"mailto:wduranowski@gmail.com\" target=\"_blank\" rel=\"noreferrer noopener\">wduranowski@gmail.com  <\/a><\/p>\n\n\n\n<p class=\"has-text-align-center has-black-color has-text-color has-link-color wp-elements-1adf0b66722f5cc41c02f78dcc7c2faf\">telefon +48 798 430&nbsp;769<\/p>\n\n\n\n<hr class=\"wp-block-separator aligncenter has-alpha-channel-opacity\"\/>\n\n\n\n<p class=\"has-text-align-center has-black-color has-text-color has-link-color wp-elements-63c51c1525ecf10c5702918be0261298\"><strong>Katarzyna Kolasa <\/strong>\u2013 Koordynatorka Projekt\u00f3w i Asystentka Zarz\u0105du<\/p>\n\n\n\n<p class=\"has-text-align-center has-black-color has-text-color has-link-color wp-elements-dbe4cb33412fa1b3efc8be33debb080a\"><a href=\"mailto:biuro@fundacja-annadobrska.pl\" target=\"_blank\" rel=\"noreferrer noopener\">biuro@fundacja-annadobrska.pl<\/a><\/p>\n\n\n\n<p class=\"has-text-align-center has-black-color has-text-color has-link-color wp-elements-9d9a0d9cf599123705dfad11606e90e1\">tel +48 726 125 986<\/p>\n\n\n\n<hr class=\"wp-block-separator aligncenter has-alpha-channel-opacity\"\/>\n\n\n\n<p class=\"has-text-align-center has-black-color has-text-color has-link-color wp-elements-89f6b43ba131410bfafcdb461bc9e332\"><strong>Paulina Paciej &#8211; Kocha\u0144ska<\/strong> &#8211; ekspert ds. edukacji zdrowotnej&nbsp;<\/p>\n\n\n\n<figure class=\"wp-block-image aligncenter size-full\"><img loading=\"lazy\" decoding=\"async\" width=\"578\" height=\"554\" src=\"https:\/\/fundacja-annadobrska.pl\/wp-content\/uploads\/2022\/12\/Obszar-roboczy-1-kopia@4x-1.jpg\" alt=\"\" class=\"wp-image-328\" srcset=\"https:\/\/fundacja-annadobrska.pl\/wp-content\/uploads\/2022\/12\/Obszar-roboczy-1-kopia@4x-1.jpg 578w, https:\/\/fundacja-annadobrska.pl\/wp-content\/uploads\/2022\/12\/Obszar-roboczy-1-kopia@4x-1-300x288.jpg 300w\" sizes=\"auto, (max-width: 578px) 100vw, 578px\" \/><\/figure>\n\n\n\n<p class=\"has-text-align-center has-black-color has-text-color\" style=\"font-size:17px;font-style:normal;font-weight:400\">ul. Mazowiecka 11 lokal 49, Warszawa<\/p>\n\n\n\n<p style=\"font-size:15px\"><\/p>\n\n\n\n<p class=\"has-text-align-center has-black-color has-text-color\" style=\"font-size:14px\"><strong>Dane rejestrowe Fundacji<br>KRS<\/strong> 0000992344        <strong>NIP<\/strong> 5252924700           <strong>Regon<\/strong> 523192351<\/p>\n\n\n\n<p style=\"font-size:15px;font-style:normal;font-weight:400\"><\/p>\n","protected":false},"excerpt":{"rendered":"<p>Bartosz Igor G\u00f3ras &#8211; Prezes Zarz\u0105du Fundacji b.goras96@gmail.com telefon +48 507 004&nbsp;219 Zbigniew D\u0105browski \u2013 Zast\u0119pca Prezesa Zarz\u0105du Fundacji z.dabrowski@poczta.onet.pl telefon +48 604 997&nbsp;656 Wojciech Duranowski \u2013 Sekretarz Zarz\u0105du Fundacji wduranowski@gmail.com telefon +48 798 430&nbsp;769 Katarzyna Kolasa \u2013 Koordynatorka Projekt\u00f3w i Asystentka Zarz\u0105du biuro@fundacja-annadobrska.pl tel +48 726 125 986 Paulina Paciej &#8211; Kocha\u0144ska &#8211; ekspert [&hellip;]<\/p>\n","protected":false},"author":1,"featured_media":0,"parent":0,"menu_order":0,"comment_status":"closed","ping_status":"closed","template":"","meta":{"footnotes":""},"class_list":["post-84","page","type-page","status-publish","hentry"],"_links":{"self":[{"href":"https:\/\/fundacja-annadobrska.pl\/index.php\/wp-json\/wp\/v2\/pages\/84","targetHints":{"allow":["GET"]}}],"collection":[{"href":"https:\/\/fundacja-annadobrska.pl\/index.php\/wp-json\/wp\/v2\/pages"}],"about":[{"href":"https:\/\/fundacja-annadobrska.pl\/index.php\/wp-json\/wp\/v2\/types\/page"}],"author":[{"embeddable":true,"href":"https:\/\/fundacja-annadobrska.pl\/index.php\/wp-json\/wp\/v2\/users\/1"}],"replies":[{"embeddable":true,"href":"https:\/\/fundacja-annadobrska.pl\/index.php\/wp-json\/wp\/v2\/comments?post=84"}],"version-history":[{"count":5,"href":"https:\/\/fundacja-annadobrska.pl\/index.php\/wp-json\/wp\/v2\/pages\/84\/revisions"}],"predecessor-version":[{"id":548,"href":"https:\/\/fundacja-annadobrska.pl\/index.php\/wp-json\/wp\/v2\/pages\/84\/revisions\/548"}],"wp:attachment":[{"href":"https:\/\/fundacja-annadobrska.pl\/index.php\/wp-json\/wp\/v2\/media?parent=84"}],"curies":[{"name":"wp","href":"https:\/\/api.w.org\/{rel}","templated":true}]}}