{"id":111,"date":"2022-12-21T13:50:06","date_gmt":"2022-12-21T13:50:06","guid":{"rendered":"https:\/\/fundacja-annadobrska.pl\/?page_id=111"},"modified":"2022-12-29T15:08:02","modified_gmt":"2022-12-29T15:08:02","slug":"o-naszej-fundacji","status":"publish","type":"page","link":"https:\/\/fundacja-annadobrska.pl\/index.php\/o-naszej-fundacji\/","title":{"rendered":"O Fundacji"},"content":{"rendered":"\n<blockquote class=\"wp-block-quote has-text-align-center has-medium-font-size is-layout-flow wp-block-quote-is-layout-flow\" style=\"font-style:italic;font-weight:800\">\n<p><\/p>\n<\/blockquote>\n\n\n\n<div class=\"wp-block-media-text alignwide is-stacked-on-mobile\" style=\"margin-top:0px;margin-right:0px;margin-bottom:0px;margin-left:0px;padding-top:var(--wp--preset--spacing--70);padding-right:var(--wp--preset--spacing--70);padding-bottom:var(--wp--preset--spacing--70);padding-left:var(--wp--preset--spacing--70);grid-template-columns:31% auto\"><figure class=\"wp-block-media-text__media\"><img loading=\"lazy\" decoding=\"async\" width=\"542\" height=\"646\" src=\"https:\/\/fundacja-annadobrska.pl\/wp-content\/uploads\/2022\/12\/Bartosz-Goras.jpg\" alt=\"\" class=\"wp-image-305 size-full\" srcset=\"https:\/\/fundacja-annadobrska.pl\/wp-content\/uploads\/2022\/12\/Bartosz-Goras.jpg 542w, https:\/\/fundacja-annadobrska.pl\/wp-content\/uploads\/2022\/12\/Bartosz-Goras-252x300.jpg 252w\" sizes=\"auto, (max-width: 542px) 100vw, 542px\" \/><\/figure><div class=\"wp-block-media-text__content\">\n<p style=\"line-height:1.7\"><strong>Bartosz Igor G\u00f3ras<\/strong> &#8211; Od wrze\u015bnia 2021 Prezes Zarz\u0105du Fundacji im. Anny Tomaszewicz-Dobrskiej.\u00a0<\/p>\n\n\n\n<p style=\"line-height:1.7\">Cz\u0142onek Zespo\u0142u Redakcyjnego pisma naukowego \u201eConsortio \u2013 Journal of Economics, Social Sciences, Law and Education\u201d. Kierownik Projektu Erasmus Plus sektor M\u0142odzie\u017c<strong>\u00a0\u00a0\u2013 &#8222;<\/strong>Dialogue for future: building communication bridges&#8221; &#8211; czas trwania projektu 2020-09-01 do 2022-09-31 roku. Projekt dedykowany poprawie komunikacji spo\u0142ecznej oraz sposobom kontaktu pomi\u0119dzy pokoleniami i grupami spo\u0142ecznymi. Naukowa wymiana studencka \u2013 Portugalia czerwiec 2022. Student ostatniego roku studi\u00f3w Wydzia\u0142u Lekarskiego \u2013 Collegium Medicum Uniwersytetu Jagiello\u0144skiego. W okresie studi\u00f3w prowadzi\u0142 dzia\u0142alno\u015b\u0107 w studenckich organizacjach i ko\u0142ach naukowych. Koordynator projektu Erasmus Plus Edukacja Doros\u0142ych \u2013 &#8222;Development of social entrepreneurship \u2013 new opportunities and ways of development&#8221;. Tematem projektu jest ekonomia spo\u0142eczna i przeciwdzia\u0142anie wykluczeniu spo\u0142ecznemu. Czas trwania projektu od grudnia 2021 do grudnia 2023 roku. Partnerzy z Portugalii, Grecji oraz W\u0142och.<\/p>\n<\/div><\/div>\n\n\n\n<div class=\"wp-block-media-text alignwide is-stacked-on-mobile\" style=\"margin-top:0px;margin-right:0px;margin-bottom:0px;margin-left:0px;padding-top:var(--wp--preset--spacing--70);padding-right:var(--wp--preset--spacing--70);padding-bottom:var(--wp--preset--spacing--70);padding-left:var(--wp--preset--spacing--70);grid-template-columns:31% auto\"><figure class=\"wp-block-media-text__media\"><img loading=\"lazy\" decoding=\"async\" width=\"250\" height=\"321\" src=\"https:\/\/fundacja-annadobrska.pl\/wp-content\/uploads\/2022\/12\/Wojciech-Duranowski.jpeg\" alt=\"\" class=\"wp-image-136 size-full\" srcset=\"https:\/\/fundacja-annadobrska.pl\/wp-content\/uploads\/2022\/12\/Wojciech-Duranowski.jpeg 250w, https:\/\/fundacja-annadobrska.pl\/wp-content\/uploads\/2022\/12\/Wojciech-Duranowski-234x300.jpeg 234w\" sizes=\"auto, (max-width: 250px) 100vw, 250px\" \/><\/figure><div class=\"wp-block-media-text__content\">\n<p><strong><strong>Wojciech Duranowski<\/strong>\u00a0&#8211; <\/strong>Sekretarz Zarz\u0105du Fundacji im. Anny Tomaszewicz-Dobrskiej.\u00a0<\/p>\n\n\n\n<p>Doktor nauk ekonomicznych, autor ponad 30 publikacji naukowych, wyk\u0142adowca i pracownik naukowy na r\u00f3\u017cnych uczelniach w Polsce i Irlandii.  Jego zainteresowania badawcze obejmuj\u0105 innowacje i polityk\u0119 spo\u0142eczn\u0105, edukacj\u0119 m\u0142odzie\u017cy, m\u0142odzie\u017c NEET, biznes spo\u0142eczny i przedsi\u0119biorczo\u015b\u0107, w\u0142\u0105czenie spo\u0142eczne i finansowe. Interesuje si\u0119 r\u00f3wnie\u017c dziedzin\u0105 ekonomii startup\u00f3w i znaczeniem finansowania zal\u0105\u017ckowego dla nowych organizacji innowacyjnych. Du\u017ce do\u015bwiadczenie w realizacji projekt\u00f3w finansowanych ze \u015brodk\u00f3w UE, Narodowego Banku Polskiego oraz Narodowego Centrum Bada\u0144 i Rozwoju. Przewodnicz\u0105cy Rady Naukowej pisma \u201eConsortio \u2013 Journal of Economics, Social Sciences, Law and Education\u201d.<br>Artyku\u0142y: 1) \u201eAnaliza g\u0142\u00f3wnych wyzwa\u0144 w szkolnictwie wy\u017cszym na przyk\u0142adzie wybranych dostawc\u00f3w xMOOC: Coursera i edX\u201d, wsp\u00f3\u0142autor: Arkadiusz Durasiewicz, Tomasz Barszczewski, Kultura i Edukacja, nr 4 (10 ), ISSN 1230 -266X 2) Analiza por\u00f3wnawcza rozwoju przedsi\u0119biorstw spo\u0142ecznych w wybranych krajach by\u0142ego Zwi\u0105zku Radzieckiego: Ukrainie i \u0141otwie\u201d (wsp\u00f3\u0142autorzy: Olga Pankiv, Gilberto Marzano), Societas. Wok\u00f3\u0142 pracy socjalnej (nr 2), Roczniki Pa\u0144stwowej Wy\u017cszej Szko\u0142y Pedagogicznej w Krakowie, 2017, ISSN 2543-6104 3)\u201eProgramy Unii Europejskiej dla m\u0142odzie\u017cy; Pa\u0144stwowy Uniwersytet Nowosybirski, s. 135 \u2013 141, Nowosybirsk (Rosja) 2013 4) Krytyczne pogl\u0105dy na szkolnictwo \u2013 wybrane pogl\u0105dy reformatorskie w ramach pedagogiki alternatywnej\u201d, Studia Pedagogiczne \u2013 Pa\u0144stwowy Uniwersytet im. Jana Kochanowskiego w Kielcach, T 22, s. 25 \u2013 36, Kielce 2013; (ISSN 1730-6795)<\/p>\n<\/div><\/div>\n\n\n\n<div class=\"wp-block-media-text alignwide is-stacked-on-mobile\" style=\"margin-top:0px;margin-right:0px;margin-bottom:0px;margin-left:0px;padding-top:var(--wp--preset--spacing--70);padding-right:var(--wp--preset--spacing--70);padding-bottom:var(--wp--preset--spacing--70);padding-left:var(--wp--preset--spacing--70);grid-template-columns:31% auto\"><figure class=\"wp-block-media-text__media\"><img loading=\"lazy\" decoding=\"async\" width=\"250\" height=\"321\" src=\"https:\/\/fundacja-annadobrska.pl\/wp-content\/uploads\/2022\/12\/Zbigniew-Dabrowski-.jpg\" alt=\"\" class=\"wp-image-132 size-full\" srcset=\"https:\/\/fundacja-annadobrska.pl\/wp-content\/uploads\/2022\/12\/Zbigniew-Dabrowski-.jpg 250w, https:\/\/fundacja-annadobrska.pl\/wp-content\/uploads\/2022\/12\/Zbigniew-Dabrowski--234x300.jpg 234w\" sizes=\"auto, (max-width: 250px) 100vw, 250px\" \/><\/figure><div class=\"wp-block-media-text__content\">\n<p><strong><strong><strong>Zbigniew D\u0105browski<\/strong>\u00a0&#8211;<\/strong><\/strong> Zast\u0119pca Prezesa Zarz\u0105du Fundacji im. Anny Tomaszewicz-Dobrskiej.\u00a0<\/p>\n\n\n\n<p>Ekspert w sektorze pozarz\u0105dowym.\u00a0Przez wiele lat pracowa\u0142 w zarz\u0105dach mi\u0119dzynarodowych korporacji w Polsce, wieloletni dyrektor marketingu w sp\u00f3\u0142kach gie\u0142dowych, a obecnie dzia\u0142a w sektorze szkolnictwa wy\u017cszego i organizacjach pozarz\u0105dowych.\u00a0Wsp\u00f3\u0142organizowa\u0142 kilka konferencji po\u015bwi\u0119conych wsp\u00f3\u0142pracy regionalnej w ramach inicjatywy Partnerstwa Wschodniego Unii Europejskiej.\u00a0Zarz\u0105dza\u0142 projektami z zakresu sektora m\u0142odzie\u017cowego, w kt\u00f3rych jego g\u0142\u00f3wne zainteresowania to edukacja i integracja, ekologia i sport.\u00a0Organizowa\u0142 i prowadzi\u0142 wydarzenia zwi\u0105zane z ekonomi\u0105 spo\u0142eczn\u0105 &#8211; konferencje, seminaria i warsztaty.\u00a0Posiada r\u00f3wnie\u017c do\u015bwiadczenie w zarz\u0105dzaniu projektami w ramach projekt\u00f3w unijnych.\u00a0Ekspert w zakresie sprzeda\u017cy i marketingu, reklamy i marketingu internetowego, a tak\u017ce dzia\u0142a\u0144 w mediach spo\u0142eczno\u015bciowych (ponad 15 lat w tej dziedzinie w biznesie), kt\u00f3re s\u0105 potrzebne w projektach spo\u0142ecznych i przedsi\u0119biorczo\u015bci.\u00a0W przesz\u0142o\u015bci wieloletni nauczyciel akademicki &#8211; specjalizuj\u0105cy si\u0119 w filozofii, logice i socjologii.\u00a0Redaktor naczelny czasopisma &#8211; &#8222;Consortio &#8211; Journal of Economics, Social Sciences, Law and Education&#8221;<\/p>\n<\/div><\/div>\n\n\n\n<p><\/p>\n\n\n\n<p><\/p>\n\n\n\n<p><\/p>\n","protected":false},"excerpt":{"rendered":"<p>Bartosz Igor G\u00f3ras &#8211; Od wrze\u015bnia 2021 Prezes Zarz\u0105du Fundacji im. Anny Tomaszewicz-Dobrskiej.\u00a0 Cz\u0142onek Zespo\u0142u Redakcyjnego pisma naukowego \u201eConsortio \u2013 Journal of Economics, Social Sciences, Law and Education\u201d. Kierownik Projektu Erasmus Plus sektor M\u0142odzie\u017c\u00a0\u00a0\u2013 &#8222;Dialogue for future: building communication bridges&#8221; &#8211; czas trwania projektu 2020-09-01 do 2022-09-31 roku. Projekt dedykowany poprawie komunikacji spo\u0142ecznej oraz sposobom [&hellip;]<\/p>\n","protected":false},"author":1,"featured_media":0,"parent":0,"menu_order":0,"comment_status":"closed","ping_status":"closed","template":"","meta":{"footnotes":""},"class_list":["post-111","page","type-page","status-publish","hentry"],"_links":{"self":[{"href":"https:\/\/fundacja-annadobrska.pl\/index.php\/wp-json\/wp\/v2\/pages\/111","targetHints":{"allow":["GET"]}}],"collection":[{"href":"https:\/\/fundacja-annadobrska.pl\/index.php\/wp-json\/wp\/v2\/pages"}],"about":[{"href":"https:\/\/fundacja-annadobrska.pl\/index.php\/wp-json\/wp\/v2\/types\/page"}],"author":[{"embeddable":true,"href":"https:\/\/fundacja-annadobrska.pl\/index.php\/wp-json\/wp\/v2\/users\/1"}],"replies":[{"embeddable":true,"href":"https:\/\/fundacja-annadobrska.pl\/index.php\/wp-json\/wp\/v2\/comments?post=111"}],"version-history":[{"count":13,"href":"https:\/\/fundacja-annadobrska.pl\/index.php\/wp-json\/wp\/v2\/pages\/111\/revisions"}],"predecessor-version":[{"id":319,"href":"https:\/\/fundacja-annadobrska.pl\/index.php\/wp-json\/wp\/v2\/pages\/111\/revisions\/319"}],"wp:attachment":[{"href":"https:\/\/fundacja-annadobrska.pl\/index.php\/wp-json\/wp\/v2\/media?parent=111"}],"curies":[{"name":"wp","href":"https:\/\/api.w.org\/{rel}","templated":true}]}}